{"id":16,"date":"2026-05-13T20:22:54","date_gmt":"2026-05-13T20:22:54","guid":{"rendered":"https:\/\/ptsolution.hu\/?page_id=16"},"modified":"2026-05-13T20:31:04","modified_gmt":"2026-05-13T20:31:04","slug":"kezdolap","status":"publish","type":"page","link":"https:\/\/ptsolution.hu\/","title":{"rendered":"Kezd\u0151lap"},"content":{"rendered":"<p>[et_pb_section fb_built=&#8221;1&#8243; custom_padding_last_edited=&#8221;on|phone&#8221; admin_label=&#8221;Header&#8221; _builder_version=&#8221;4.27.6&#8243; _module_preset=&#8221;5f7c097e-75e3-4bfb-ad47-86519237d417&#8243; background_enable_color=&#8221;off&#8221; background_image=&#8221;https:\/\/ptsolution.hu\/wp-content\/uploads\/2026\/05\/fejlec.jpg&#8221; custom_padding=&#8221;20vw||10vw||false|false&#8221; custom_padding_tablet=&#8221;20vw||0px||false|false&#8221; custom_padding_phone=&#8221;20vw||0px||false|false&#8221; hover_enabled=&#8221;0&#8243; global_colors_info=&#8221;{}&#8221; theme_builder_area=&#8221;post_content&#8221; sticky_enabled=&#8221;0&#8243; title_text=&#8221;fejlec&#8221;][et_pb_row _builder_version=&#8221;4.25.2&#8243; _module_preset=&#8221;99206e59-4483-4fe1-8a43-5b2a4bb74df7&#8243; global_colors_info=&#8221;{}&#8221; theme_builder_area=&#8221;post_content&#8221;][et_pb_column type=&#8221;4_4&#8243; _builder_version=&#8221;4.25.2&#8243; _module_preset=&#8221;default&#8221; global_colors_info=&#8221;{}&#8221; theme_builder_area=&#8221;post_content&#8221;][et_pb_heading title=&#8221;\u00dcdv\u00f6z\u00f6lj\u00fck a Profi Trans C\u00e9gcsoport oldal\u00e1n!&#8221; _builder_version=&#8221;4.27.6&#8243; _module_preset=&#8221;8b4c08f1-aa96-496b-a72f-62881c2b2a41&#8243; title_text_color=&#8221;#FFFFFF&#8221; max_width=&#8221;1080px&#8221; hover_enabled=&#8221;0&#8243; global_colors_info=&#8221;{}&#8221; theme_builder_area=&#8221;post_content&#8221; title_font_size=&#8221;90px&#8221; sticky_enabled=&#8221;0&#8243;][\/et_pb_heading][\/et_pb_column][\/et_pb_row][\/et_pb_section][et_pb_section fb_built=&#8221;1&#8243; specialty=&#8221;on&#8221; admin_label=&#8221;Stats&#8221; _builder_version=&#8221;4.25.2&#8243; _module_preset=&#8221;default&#8221; inner_width=&#8221;90%&#8221; inner_max_width=&#8221;1500px&#8221; global_colors_info=&#8221;{}&#8221; theme_builder_area=&#8221;post_content&#8221;][et_pb_column type=&#8221;1_3&#8243; _builder_version=&#8221;4.16&#8243; _module_preset=&#8221;default&#8221; custom_padding=&#8221;|||&#8221; global_colors_info=&#8221;{}&#8221; custom_padding__hover=&#8221;|||&#8221; theme_builder_area=&#8221;post_content&#8221;][et_pb_heading title=&#8221;Szolg\u00e1ltat\u00e1saink&#8221; _builder_version=&#8221;4.27.6&#8243; _module_preset=&#8221;6819e9cd-ced7-444d-9468-dcae499766b0&#8243; hover_enabled=&#8221;0&#8243; locked=&#8221;off&#8221; global_colors_info=&#8221;{}&#8221; theme_builder_area=&#8221;post_content&#8221; sticky_enabled=&#8221;0&#8243;][\/et_pb_heading][\/et_pb_column][et_pb_column type=&#8221;2_3&#8243; specialty_columns=&#8221;2&#8243; _builder_version=&#8221;4.16&#8243; _module_preset=&#8221;default&#8221; custom_padding=&#8221;|||&#8221; global_colors_info=&#8221;{}&#8221; custom_padding__hover=&#8221;|||&#8221; theme_builder_area=&#8221;post_content&#8221;][et_pb_row_inner custom_padding_last_edited=&#8221;on|phone&#8221; _builder_version=&#8221;4.25.2&#8243; _module_preset=&#8221;default&#8221; custom_padding_tablet=&#8221;0px||0px||true|false&#8221; custom_padding_phone=&#8221;0px||0px||true|false&#8221; global_colors_info=&#8221;{}&#8221; theme_builder_area=&#8221;post_content&#8221;][et_pb_column_inner saved_specialty_column_type=&#8221;2_3&#8243; _builder_version=&#8221;4.25.2&#8243; _module_preset=&#8221;default&#8221; global_colors_info=&#8221;{}&#8221; theme_builder_area=&#8221;post_content&#8221;][et_pb_text _builder_version=&#8221;4.27.6&#8243; _module_preset=&#8221;c8eed383-53b5-4bcd-927e-831196b1a0d4&#8243; hover_enabled=&#8221;0&#8243; global_colors_info=&#8221;{}&#8221; theme_builder_area=&#8221;post_content&#8221; sticky_enabled=&#8221;0&#8243; text_text_color=&#8221;#333333&#8243;]<\/p>\n<p style=\"text-align: justify;\">C\u00e9g\u00fcnk Kecskem\u00e9t frekvent\u00e1lt hely\u00e9n, a Halasi \u00faton tal\u00e1lhat\u00f3. Telephely\u00fcnk\u00f6n lehet\u0151s\u00e9g van irod\u00e1k \u00e9s rakt\u00e1rak b\u00e9rl\u00e9s\u00e9re, \u00e1ruk \u00e1trak\u00e1s\u00e1ra, szabad ter\u00fcleteket biztos\u00edtunk kamionnal parkol\u00f3 partnereink r\u00e9sz\u00e9re. V\u00e1llaljuk \u00e1ruk sz\u00e1ll\u00edt\u00e1s\u00e1t az egy dobozos csomagokt\u00f3l a 24 tonn\u00e1s \u00e1rukig.<\/p>\n<p>[\/et_pb_text][\/et_pb_column_inner][\/et_pb_row_inner][et_pb_row_inner column_structure=&#8221;1_3,1_3,1_3&#8243; use_custom_gutter=&#8221;on&#8221; gutter_width=&#8221;1&#8243; make_equal=&#8221;on&#8221; _builder_version=&#8221;4.27.6&#8243; _module_preset=&#8221;default&#8221; custom_padding=&#8221;0px||0px||true|&#8221; global_colors_info=&#8221;{}&#8221; theme_builder_area=&#8221;post_content&#8221;][et_pb_column_inner type=&#8221;1_3&#8243; saved_specialty_column_type=&#8221;2_3&#8243; _builder_version=&#8221;4.27.6&#8243; _module_preset=&#8221;default&#8221; global_colors_info=&#8221;{}&#8221; theme_builder_area=&#8221;post_content&#8221;][et_pb_number_counter title=&#8221;megtett kilom\u00e9ter&#8221; number=&#8221;2M&#8221; _builder_version=&#8221;4.27.6&#8243; _module_preset=&#8221;c63169e8-dde2-485d-81f9-1d6f2207ce1b&#8221; link_option_url=&#8221;#&#8221; hover_enabled=&#8221;0&#8243; global_colors_info=&#8221;{}&#8221; theme_builder_area=&#8221;post_content&#8221; text_orientation=&#8221;center&#8221; sticky_enabled=&#8221;0&#8243; number_text_color=&#8221;#e3000f&#8221;][\/et_pb_number_counter][\/et_pb_column_inner][et_pb_column_inner type=&#8221;1_3&#8243; saved_specialty_column_type=&#8221;2_3&#8243; _builder_version=&#8221;4.25.2&#8243; _module_preset=&#8221;default&#8221; global_colors_info=&#8221;{}&#8221; theme_builder_area=&#8221;post_content&#8221;][et_pb_number_counter title=&#8221;el\u00e9gedett \u00fcgyf\u00e9l&#8221; number=&#8221;3583&#8243; _builder_version=&#8221;4.27.6&#8243; _module_preset=&#8221;c63169e8-dde2-485d-81f9-1d6f2207ce1b&#8221; link_option_url=&#8221;#&#8221; hover_enabled=&#8221;0&#8243; locked=&#8221;off&#8221; global_colors_info=&#8221;{%22gcid-53054839-b83d-4ef0-8659-8a010e6148fd%22:%91%22title_text_color%22%93}&#8221; theme_builder_area=&#8221;post_content&#8221; text_orientation=&#8221;center&#8221; sticky_enabled=&#8221;0&#8243; number_text_color=&#8221;#e3000f&#8221;][\/et_pb_number_counter][\/et_pb_column_inner][et_pb_column_inner type=&#8221;1_3&#8243; saved_specialty_column_type=&#8221;2_3&#8243; _builder_version=&#8221;4.25.2&#8243; _module_preset=&#8221;default&#8221; global_colors_info=&#8221;{}&#8221; theme_builder_area=&#8221;post_content&#8221;][et_pb_number_counter title=&#8221;\u00e9v tapasztalat&#8221; number=&#8221;30&#8243; _builder_version=&#8221;4.27.6&#8243; _module_preset=&#8221;c63169e8-dde2-485d-81f9-1d6f2207ce1b&#8221; link_option_url=&#8221;#&#8221; hover_enabled=&#8221;0&#8243; locked=&#8221;off&#8221; global_colors_info=&#8221;{%22gcid-53054839-b83d-4ef0-8659-8a010e6148fd%22:%91%22title_text_color%22%93}&#8221; theme_builder_area=&#8221;post_content&#8221; text_orientation=&#8221;center&#8221; sticky_enabled=&#8221;0&#8243; number_text_color=&#8221;#e3000f&#8221;][\/et_pb_number_counter][\/et_pb_column_inner][\/et_pb_row_inner][\/et_pb_column][\/et_pb_section][et_pb_section fb_built=&#8221;1&#8243; admin_label=&#8221;About&#8221; _builder_version=&#8221;4.25.2&#8243; _module_preset=&#8221;default&#8221; background_color=&#8221;gcid-b6c4f12c-f25d-4f61-9fb1-6e96404634cd&#8221; hover_enabled=&#8221;0&#8243; global_colors_info=&#8221;{%22gcid-b6c4f12c-f25d-4f61-9fb1-6e96404634cd%22:%91%22background_color%22%93}&#8221; theme_builder_area=&#8221;post_content&#8221; sticky_enabled=&#8221;0&#8243;][et_pb_row column_structure=&#8221;1_2,1_2&#8243; _builder_version=&#8221;4.25.2&#8243; _module_preset=&#8221;99206e59-4483-4fe1-8a43-5b2a4bb74df7&#8243; global_colors_info=&#8221;{}&#8221; theme_builder_area=&#8221;post_content&#8221;][et_pb_column type=&#8221;1_2&#8243; _builder_version=&#8221;4.25.2&#8243; _module_preset=&#8221;default&#8221; global_colors_info=&#8221;{}&#8221; theme_builder_area=&#8221;post_content&#8221;][et_pb_heading title=&#8221;R\u00f3lunk&#8221; _builder_version=&#8221;4.27.6&#8243; _module_preset=&#8221;11a029d5-1275-4569-a1fa-7c5c48ae30b3&#8243; hover_enabled=&#8221;0&#8243; global_colors_info=&#8221;{}&#8221; theme_builder_area=&#8221;post_content&#8221; sticky_enabled=&#8221;0&#8243; custom_margin=&#8221;200px||||false|false&#8221;][\/et_pb_heading][et_pb_text _builder_version=&#8221;4.27.6&#8243; _module_preset=&#8221;default&#8221; theme_builder_area=&#8221;post_content&#8221; text_font=&#8221;Inter||||||||&#8221; text_text_color=&#8221;#333333&#8243; hover_enabled=&#8221;0&#8243; sticky_enabled=&#8221;0&#8243; text_font_size=&#8221;16px&#8221;]<\/p>\n<p style=\"text-align: justify;\">Kenderes Tam\u00e1s vagyok, a Profi Trans Solution Kft. \u00fcgyvezet\u0151je \u00e9s tulajdonosa. A v\u00e1llalat alap\u00edt\u00e1sakor azt t\u0171ztem ki c\u00e9lomul, hogy min\u00e9l sz\u00e9lesebb k\u00f6rben tudjak partnereim rendelkez\u00e9s\u00e9re \u00e1llni, legyen sz\u00f3 irodab\u00e9rl\u00e9sr\u0151l, rakt\u00e1rb\u00e9rl\u00e9sr\u0151l, nemzetk\u00f6zi \u00e1rusz\u00e1ll\u00edt\u00e1sr\u00f3l. Fontosnak tartom az \u00fczleti \u00e9letben a ny\u00edlt, egyenes kommunik\u00e1ci\u00f3t, az egym\u00e1s ir\u00e1nti tiszteletet. Koll\u00e9g\u00e1immal arra t\u00f6reksz\u00fcnk, hogy minden jelenlegi \u00e9s leend\u0151 partner\u00fcnk el\u00e9gedett legyen szolg\u00e1ltat\u00e1saink gyorsas\u00e1g\u00e1val \u00e9s min\u0151s\u00e9g\u00e9vel.<\/p>\n<p>[\/et_pb_text][\/et_pb_column][et_pb_column type=&#8221;1_2&#8243; _builder_version=&#8221;4.25.2&#8243; _module_preset=&#8221;default&#8221; global_colors_info=&#8221;{}&#8221; theme_builder_area=&#8221;post_content&#8221;][et_pb_image src=&#8221;https:\/\/ptsolution.hu\/wp-content\/uploads\/2026\/05\/kep.jpg&#8221; title_text=&#8221;kep&#8221; _builder_version=&#8221;4.27.6&#8243; _module_preset=&#8221;default&#8221; hover_enabled=&#8221;0&#8243; global_colors_info=&#8221;{}&#8221; theme_builder_area=&#8221;post_content&#8221; sticky_enabled=&#8221;0&#8243;][\/et_pb_image][\/et_pb_column][\/et_pb_row][\/et_pb_section][et_pb_section fb_built=&#8221;1&#8243; admin_label=&#8221;Footer&#8221; _builder_version=&#8221;4.25.2&#8243; _module_preset=&#8221;default&#8221; background_color=&#8221;#000000&#8243; custom_padding=&#8221;||0px||false|false&#8221; saved_tabs=&#8221;all&#8221; locked=&#8221;off&#8221; global_colors_info=&#8221;{}&#8221; theme_builder_area=&#8221;post_content&#8221;][et_pb_row column_structure=&#8221;1_3,1_3,1_3&#8243; _builder_version=&#8221;4.25.2&#8243; _module_preset=&#8221;99206e59-4483-4fe1-8a43-5b2a4bb74df7&#8243; locked=&#8221;off&#8221; global_colors_info=&#8221;{}&#8221; theme_builder_area=&#8221;post_content&#8221;][et_pb_column type=&#8221;1_3&#8243; _builder_version=&#8221;4.25.2&#8243; _module_preset=&#8221;default&#8221; global_colors_info=&#8221;{}&#8221; theme_builder_area=&#8221;post_content&#8221;][et_pb_heading title=&#8221;Kapcsolat&#8221; _builder_version=&#8221;4.27.6&#8243; _module_preset=&#8221;6819e9cd-ced7-444d-9468-dcae499766b0&#8243; title_text_color=&#8221;#FFFFFF&#8221; custom_margin=&#8221;||10px||false|false&#8221; hover_enabled=&#8221;0&#8243; global_colors_info=&#8221;{}&#8221; theme_builder_area=&#8221;post_content&#8221; sticky_enabled=&#8221;0&#8243;][\/et_pb_heading][\/et_pb_column][et_pb_column type=&#8221;1_3&#8243; _builder_version=&#8221;4.25.2&#8243; _module_preset=&#8221;default&#8221; global_colors_info=&#8221;{}&#8221; theme_builder_area=&#8221;post_content&#8221;][et_pb_text _builder_version=&#8221;4.27.6&#8243; _module_preset=&#8221;cb0a728a-d60e-49c1-80c5-b151ebf1581f&#8221; text_text_color=&#8221;#FFFFFF&#8221; hover_enabled=&#8221;0&#8243; global_colors_info=&#8221;{}&#8221; theme_builder_area=&#8221;post_content&#8221; sticky_enabled=&#8221;0&#8243; locked=&#8221;off&#8221;]<\/p>\n<p>KENDERES TAM\u00c1S<br \/>\u00fcgyvezet\u0151, tulajdonos<\/p>\n<p>[\/et_pb_text][et_pb_text _builder_version=&#8221;4.27.6&#8243; _module_preset=&#8221;cb0a728a-d60e-49c1-80c5-b151ebf1581f&#8221; text_text_color=&#8221;#FFFFFF&#8221; hover_enabled=&#8221;0&#8243; global_colors_info=&#8221;{}&#8221; theme_builder_area=&#8221;post_content&#8221; sticky_enabled=&#8221;0&#8243; locked=&#8221;off&#8221;]<\/p>\n<p><span style=\"color: #ffffff;\"><a href=\"mailto:kenderes.tam\u00e1s@ptsolution.hu\" style=\"color: #ffffff;\">kenderes.tam\u00e1s@ptsolution.hu<\/a><\/span><br \/>+36 30 651 6788<\/p>\n<p>[\/et_pb_text][\/et_pb_column][et_pb_column type=&#8221;1_3&#8243; _builder_version=&#8221;4.25.2&#8243; _module_preset=&#8221;default&#8221; global_colors_info=&#8221;{}&#8221; theme_builder_area=&#8221;post_content&#8221;][et_pb_text _builder_version=&#8221;4.27.6&#8243; _module_preset=&#8221;cb0a728a-d60e-49c1-80c5-b151ebf1581f&#8221; text_text_color=&#8221;#FFFFFF&#8221; hover_enabled=&#8221;0&#8243; global_colors_info=&#8221;{}&#8221; theme_builder_area=&#8221;post_content&#8221; sticky_enabled=&#8221;0&#8243;]<\/p>\n<p>MESKON\u00c9 SZAB\u00d3 LAURA<br \/>sz\u00e1ml\u00e1z\u00e1s, p\u00e9nz\u00fcgy<\/p>\n<p>[\/et_pb_text][et_pb_text _builder_version=&#8221;4.27.6&#8243; _module_preset=&#8221;cb0a728a-d60e-49c1-80c5-b151ebf1581f&#8221; text_text_color=&#8221;#FFFFFF&#8221; hover_enabled=&#8221;0&#8243; global_colors_info=&#8221;{}&#8221; theme_builder_area=&#8221;post_content&#8221; sticky_enabled=&#8221;0&#8243;]<\/p>\n<p><a href=\"mailto:szabo.laura@ptsolution.hu\"><\/a><span style=\"color: #ffffff;\"><a href=\"mailto:szabo.laura@ptsolution.hu\" style=\"color: #ffffff;\">szabo.laura@ptsolution.hu<\/a><\/span><br \/>+36 30 773 1161<\/p>\n<p>[\/et_pb_text][\/et_pb_column][\/et_pb_row][et_pb_row _builder_version=&#8221;4.25.2&#8243; _module_preset=&#8221;99206e59-4483-4fe1-8a43-5b2a4bb74df7&#8243; global_colors_info=&#8221;{}&#8221; theme_builder_area=&#8221;post_content&#8221;][et_pb_column type=&#8221;4_4&#8243; _builder_version=&#8221;4.25.2&#8243; _module_preset=&#8221;default&#8221; global_colors_info=&#8221;{}&#8221; theme_builder_area=&#8221;post_content&#8221;][et_pb_image src=&#8221;https:\/\/ptsolution.hu\/wp-content\/uploads\/2026\/05\/lablec.jpg&#8221; title_text=&#8221;lablec&#8221; _builder_version=&#8221;4.27.6&#8243; _module_preset=&#8221;default&#8221; global_colors_info=&#8221;{}&#8221; theme_builder_area=&#8221;post_content&#8221;][\/et_pb_image][\/et_pb_column][\/et_pb_row][\/et_pb_section]<\/p>\n","protected":false},"excerpt":{"rendered":"<p>C\u00e9g\u00fcnk Kecskem\u00e9t frekvent\u00e1lt hely\u00e9n, a Halasi \u00faton tal\u00e1lhat\u00f3. Telephely\u00fcnk\u00f6n lehet\u0151s\u00e9g van irod\u00e1k \u00e9s rakt\u00e1rak b\u00e9rl\u00e9s\u00e9re, \u00e1ruk \u00e1trak\u00e1s\u00e1ra, szabad ter\u00fcleteket biztos\u00edtunk kamionnal parkol\u00f3 partnereink r\u00e9sz\u00e9re. V\u00e1llaljuk \u00e1ruk sz\u00e1ll\u00edt\u00e1s\u00e1t az egy dobozos csomagokt\u00f3l a 24 tonn\u00e1s \u00e1rukig.Kenderes Tam\u00e1s vagyok, a Profi Trans Solution Kft. \u00fcgyvezet\u0151je \u00e9s tulajdonosa. A v\u00e1llalat alap\u00edt\u00e1sakor azt t\u0171ztem ki c\u00e9lomul, hogy min\u00e9l sz\u00e9lesebb [&hellip;]<\/p>\n","protected":false},"author":1,"featured_media":0,"parent":0,"menu_order":0,"comment_status":"closed","ping_status":"closed","template":"","meta":{"_et_pb_use_builder":"on","_et_pb_old_content":"","_et_gb_content_width":"","footnotes":""},"class_list":["post-16","page","type-page","status-publish","hentry"],"_links":{"self":[{"href":"https:\/\/ptsolution.hu\/index.php?rest_route=\/wp\/v2\/pages\/16","targetHints":{"allow":["GET"]}}],"collection":[{"href":"https:\/\/ptsolution.hu\/index.php?rest_route=\/wp\/v2\/pages"}],"about":[{"href":"https:\/\/ptsolution.hu\/index.php?rest_route=\/wp\/v2\/types\/page"}],"author":[{"embeddable":true,"href":"https:\/\/ptsolution.hu\/index.php?rest_route=\/wp\/v2\/users\/1"}],"replies":[{"embeddable":true,"href":"https:\/\/ptsolution.hu\/index.php?rest_route=%2Fwp%2Fv2%2Fcomments&post=16"}],"version-history":[{"count":3,"href":"https:\/\/ptsolution.hu\/index.php?rest_route=\/wp\/v2\/pages\/16\/revisions"}],"predecessor-version":[{"id":39,"href":"https:\/\/ptsolution.hu\/index.php?rest_route=\/wp\/v2\/pages\/16\/revisions\/39"}],"wp:attachment":[{"href":"https:\/\/ptsolution.hu\/index.php?rest_route=%2Fwp%2Fv2%2Fmedia&parent=16"}],"curies":[{"name":"wp","href":"https:\/\/api.w.org\/{rel}","templated":true}]}}